{"id":394,"date":"2023-04-19T09:31:25","date_gmt":"2023-04-19T09:31:25","guid":{"rendered":"https:\/\/www.visu.marketing-virtual-tools.com\/?page_id=394"},"modified":"2026-04-14T14:20:37","modified_gmt":"2026-04-14T12:20:37","slug":"internationaal","status":"publish","type":"page","link":"https:\/\/www.visu.be\/nl\/international\/","title":{"rendered":"Internationale"},"content":{"rendered":"<div data-elementor-type=\"wp-page\" data-elementor-id=\"394\" class=\"elementor elementor-394\" data-elementor-post-type=\"page\">\n\t\t\t\t\t\t<section class=\"elementor-section elementor-top-section elementor-element elementor-element-2f2b54e3 elementor-section-height-min-height elementor-section-full_width elementor-section-height-default elementor-section-items-middle\" data-id=\"2f2b54e3\" data-element_type=\"section\" data-e-type=\"section\" data-settings=\"{&quot;background_background&quot;:&quot;classic&quot;}\">\n\t\t\t\t\t\t\t<div class=\"elementor-background-overlay\"><\/div>\n\t\t\t\t\t\t\t<div class=\"elementor-container elementor-column-gap-no\">\n\t\t\t\t\t<div class=\"elementor-column elementor-col-100 elementor-top-column elementor-element elementor-element-1303d3a2\" data-id=\"1303d3a2\" data-element_type=\"column\" data-e-type=\"column\">\n\t\t\t<div class=\"elementor-widget-wrap elementor-element-populated\">\n\t\t\t\t\t\t<div class=\"elementor-element elementor-element-466b222c animated-slow elementor-invisible elementor-widget elementor-widget-image\" data-id=\"466b222c\" data-element_type=\"widget\" data-e-type=\"widget\" data-settings=\"{&quot;_animation&quot;:&quot;slideInDown&quot;}\" data-widget_type=\"image.default\">\n\t\t\t\t<div class=\"elementor-widget-container\">\n\t\t\t\t\t\t\t\t\t\t\t\t\t\t\t<img decoding=\"async\" src=\"https:\/\/www.visu.be\/wp-content\/uploads\/elementor\/thumbs\/26-04-14-NEW-LOGO-VISU-100-rlzujbf53zaki6mdy6sah3zy90cxefnyssfvguxbpg.png\" title=\"26 04 14 NIEUW LOGO VISU 100\" alt=\"Logo Visu\" loading=\"lazy\" \/>\t\t\t\t\t\t\t\t\t\t\t\t\t\t\t<\/div>\n\t\t\t\t<\/div>\n\t\t\t\t<div class=\"elementor-element elementor-element-66ab3d1e animated-slow elementor-invisible elementor-widget elementor-widget-heading\" data-id=\"66ab3d1e\" data-element_type=\"widget\" data-e-type=\"widget\" data-settings=\"{&quot;_animation&quot;:&quot;fadeIn&quot;}\" data-widget_type=\"heading.default\">\n\t\t\t\t<div class=\"elementor-widget-container\">\n\t\t\t\t\t<h1 class=\"elementor-heading-title elementor-size-default\">Internationale<\/h1>\t\t\t\t<\/div>\n\t\t\t\t<\/div>\n\t\t\t\t<div class=\"elementor-element elementor-element-78302b0e animated-slow elementor-invisible elementor-widget elementor-widget-heading\" data-id=\"78302b0e\" data-element_type=\"widget\" data-e-type=\"widget\" data-settings=\"{&quot;_animation&quot;:&quot;zoomIn&quot;}\" data-widget_type=\"heading.default\">\n\t\t\t\t<div class=\"elementor-widget-container\">\n\t\t\t\t\t<h2 class=\"elementor-heading-title elementor-size-default\">Beurzen en evenementen<\/h2>\t\t\t\t<\/div>\n\t\t\t\t<\/div>\n\t\t\t\t\t<\/div>\n\t\t<\/div>\n\t\t\t\t\t<\/div>\n\t\t<\/section>\n\t\t\t\t<section class=\"elementor-section elementor-top-section elementor-element elementor-element-0349bd2 elementor-section-boxed elementor-section-height-default elementor-section-height-default\" data-id=\"0349bd2\" data-element_type=\"section\" data-e-type=\"section\">\n\t\t\t\t\t\t<div class=\"elementor-container elementor-column-gap-default\">\n\t\t\t\t\t<div class=\"elementor-column elementor-col-100 elementor-top-column elementor-element elementor-element-d4c46ec animated-slow elementor-invisible\" data-id=\"d4c46ec\" data-element_type=\"column\" data-e-type=\"column\" data-settings=\"{&quot;animation&quot;:&quot;slideInDown&quot;}\">\n\t\t\t<div class=\"elementor-widget-wrap elementor-element-populated\">\n\t\t\t\t\t\t<div class=\"elementor-element elementor-element-edaa047 elementor-widget elementor-widget-image\" data-id=\"edaa047\" data-element_type=\"widget\" data-e-type=\"widget\" data-no-translation=\"\" data-widget_type=\"image.default\">\n\t\t\t\t<div class=\"elementor-widget-container\">\n\t\t\t\t\t<style>.elementor-element-edaa047{display:none !important}<\/style>\t\t\t\t<\/div>\n\t\t\t\t<\/div>\n\t\t\t\t\t<\/div>\n\t\t<\/div>\n\t\t\t\t\t<\/div>\n\t\t<\/section>\n\t\t\t\t<section class=\"elementor-section elementor-top-section elementor-element elementor-element-a84f113 elementor-section-boxed elementor-section-height-default elementor-section-height-default\" data-id=\"a84f113\" data-element_type=\"section\" data-e-type=\"section\">\n\t\t\t\t\t\t<div class=\"elementor-container elementor-column-gap-default\">\n\t\t\t\t\t<div class=\"elementor-column elementor-col-100 elementor-top-column elementor-element elementor-element-6d071df\" data-id=\"6d071df\" data-element_type=\"column\" data-e-type=\"column\" data-settings=\"{&quot;background_background&quot;:&quot;classic&quot;}\">\n\t\t\t<div class=\"elementor-widget-wrap elementor-element-populated\">\n\t\t\t\t\t\t<div class=\"elementor-element elementor-element-433e37e2 elementor-widget elementor-widget-heading\" data-id=\"433e37e2\" data-element_type=\"widget\" data-e-type=\"widget\" data-widget_type=\"heading.default\">\n\t\t\t\t<div class=\"elementor-widget-container\">\n\t\t\t\t\t<h5 class=\"elementor-heading-title elementor-size-default\">Waarom Visu kiezen om uw stand te bouwen in International?<\/h5>\t\t\t\t<\/div>\n\t\t\t\t<\/div>\n\t\t\t\t\t<\/div>\n\t\t<\/div>\n\t\t\t\t\t<\/div>\n\t\t<\/section>\n\t\t\t\t<section class=\"elementor-section elementor-top-section elementor-element elementor-element-3f94efff elementor-section-full_width animated-slow elementor-section-height-default elementor-section-height-default\" data-id=\"3f94efff\" data-element_type=\"section\" data-e-type=\"section\" data-settings=\"{&quot;animation&quot;:&quot;none&quot;}\">\n\t\t\t\t\t\t<div class=\"elementor-container elementor-column-gap-no\">\n\t\t\t\t\t<div class=\"elementor-column elementor-col-100 elementor-top-column elementor-element elementor-element-64b7aa86\" data-id=\"64b7aa86\" data-element_type=\"column\" data-e-type=\"column\">\n\t\t\t<div class=\"elementor-widget-wrap elementor-element-populated\">\n\t\t\t\t\t\t<section class=\"elementor-section elementor-inner-section elementor-element elementor-element-0dfcfdd animated-slow elementor-reverse-mobile elementor-section-boxed elementor-section-height-default elementor-section-height-default elementor-invisible\" data-id=\"0dfcfdd\" data-element_type=\"section\" data-e-type=\"section\" data-settings=\"{&quot;animation&quot;:&quot;fadeInUp&quot;,&quot;animation_delay&quot;:10}\">\n\t\t\t\t\t\t<div class=\"elementor-container elementor-column-gap-default\">\n\t\t\t\t\t<div class=\"elementor-column elementor-col-50 elementor-inner-column elementor-element elementor-element-5b77b71\" data-id=\"5b77b71\" data-element_type=\"column\" data-e-type=\"column\">\n\t\t\t<div class=\"elementor-widget-wrap elementor-element-populated\">\n\t\t\t\t\t\t<div class=\"elementor-element elementor-element-be1aaa7 elementor-widget__width-initial elementor-widget elementor-widget-image\" data-id=\"be1aaa7\" data-element_type=\"widget\" data-e-type=\"widget\" data-widget_type=\"image.default\">\n\t\t\t\t<div class=\"elementor-widget-container\">\n\t\t\t\t\t\t\t\t\t\t\t\t\t\t\t<img fetchpriority=\"high\" decoding=\"async\" width=\"768\" height=\"430\" src=\"https:\/\/www.visu.be\/wp-content\/uploads\/2023\/06\/GUCCI-1-scaled-e1686219378175-768x430.jpg\" class=\"attachment-medium_large size-medium_large wp-image-1001\" alt=\"Gucci standaard op maat\" srcset=\"https:\/\/www.visu.be\/wp-content\/uploads\/2023\/06\/GUCCI-1-scaled-e1686219378175-768x430.jpg 768w, https:\/\/www.visu.be\/wp-content\/uploads\/2023\/06\/GUCCI-1-scaled-e1686219378175-300x168.jpg 300w, https:\/\/www.visu.be\/wp-content\/uploads\/2023\/06\/GUCCI-1-scaled-e1686219378175-1024x573.jpg 1024w, https:\/\/www.visu.be\/wp-content\/uploads\/2023\/06\/GUCCI-1-scaled-e1686219378175-1536x860.jpg 1536w, https:\/\/www.visu.be\/wp-content\/uploads\/2023\/06\/GUCCI-1-scaled-e1686219378175-2048x1146.jpg 2048w\" sizes=\"(max-width: 768px) 100vw, 768px\" \/>\t\t\t\t\t\t\t\t\t\t\t\t\t\t\t<\/div>\n\t\t\t\t<\/div>\n\t\t\t\t\t<\/div>\n\t\t<\/div>\n\t\t\t\t<div class=\"elementor-column elementor-col-50 elementor-inner-column elementor-element elementor-element-3a91794\" data-id=\"3a91794\" data-element_type=\"column\" data-e-type=\"column\" data-settings=\"{&quot;background_background&quot;:&quot;classic&quot;}\">\n\t\t\t<div class=\"elementor-widget-wrap elementor-element-populated\">\n\t\t\t\t\t\t<div class=\"elementor-element elementor-element-0dd66a7 elementor-widget elementor-widget-heading\" data-id=\"0dd66a7\" data-element_type=\"widget\" data-e-type=\"widget\" data-widget_type=\"heading.default\">\n\t\t\t\t<div class=\"elementor-widget-container\">\n\t\t\t\t\t<h3 class=\"elementor-heading-title elementor-size-default\">Centrale locatie<\/h3>\t\t\t\t<\/div>\n\t\t\t\t<\/div>\n\t\t\t\t<div class=\"elementor-element elementor-element-ddcb77d elementor-widget elementor-widget-text-editor\" data-id=\"ddcb77d\" data-element_type=\"widget\" data-e-type=\"widget\" data-widget_type=\"text-editor.default\">\n\t\t\t\t<div class=\"elementor-widget-container\">\n\t\t\t\t\t\t\t\t\t<p>Visu's centrale locatie in Europa biedt veel voordelen voor klanten die hun stands willen opslaan, monteren en demonteren in grote Europese steden.<\/p>\t\t\t\t\t\t\t\t<\/div>\n\t\t\t\t<\/div>\n\t\t\t\t\t<\/div>\n\t\t<\/div>\n\t\t\t\t\t<\/div>\n\t\t<\/section>\n\t\t\t\t<section class=\"elementor-section elementor-inner-section elementor-element elementor-element-976df6f animated-slow elementor-section-boxed elementor-section-height-default elementor-section-height-default elementor-invisible\" data-id=\"976df6f\" data-element_type=\"section\" data-e-type=\"section\" data-settings=\"{&quot;animation&quot;:&quot;fadeInUp&quot;,&quot;animation_delay&quot;:20}\">\n\t\t\t\t\t\t<div class=\"elementor-container elementor-column-gap-default\">\n\t\t\t\t\t<div class=\"elementor-column elementor-col-50 elementor-inner-column elementor-element elementor-element-32db553\" data-id=\"32db553\" data-element_type=\"column\" data-e-type=\"column\" data-settings=\"{&quot;background_background&quot;:&quot;classic&quot;}\">\n\t\t\t<div class=\"elementor-widget-wrap elementor-element-populated\">\n\t\t\t\t\t\t<div class=\"elementor-element elementor-element-8f98c63 elementor-widget elementor-widget-heading\" data-id=\"8f98c63\" data-element_type=\"widget\" data-e-type=\"widget\" data-widget_type=\"heading.default\">\n\t\t\t\t<div class=\"elementor-widget-container\">\n\t\t\t\t\t<h3 class=\"elementor-heading-title elementor-size-default\">E\u00e9n aanspreekpunt voor heel Europa <\/h3>\t\t\t\t<\/div>\n\t\t\t\t<\/div>\n\t\t\t\t<div class=\"elementor-element elementor-element-88a17c6 elementor-widget elementor-widget-text-editor\" data-id=\"88a17c6\" data-element_type=\"widget\" data-e-type=\"widget\" data-widget_type=\"text-editor.default\">\n\t\t\t\t<div class=\"elementor-widget-container\">\n\t\t\t\t\t\t\t\t\t<p>Werken met Visu betekent dat u \u00e9\u00e9n aanspreekpunt hebt voor heel Europa, waardoor het veel gemakkelijker is om uw projecten te co\u00f6rdineren en erover te communiceren. Het zorgt ook voor totale consistentie in het ontwerp en de productie van uw stands.<\/p>\t\t\t\t\t\t\t\t<\/div>\n\t\t\t\t<\/div>\n\t\t\t\t\t<\/div>\n\t\t<\/div>\n\t\t\t\t<div class=\"elementor-column elementor-col-50 elementor-inner-column elementor-element elementor-element-0ea0111\" data-id=\"0ea0111\" data-element_type=\"column\" data-e-type=\"column\">\n\t\t\t<div class=\"elementor-widget-wrap elementor-element-populated\">\n\t\t\t\t\t\t<div class=\"elementor-element elementor-element-a6638e7 elementor-widget__width-initial elementor-widget elementor-widget-image\" data-id=\"a6638e7\" data-element_type=\"widget\" data-e-type=\"widget\" data-widget_type=\"image.default\">\n\t\t\t\t<div class=\"elementor-widget-container\">\n\t\t\t\t\t\t\t\t\t\t\t\t\t\t\t<img decoding=\"async\" width=\"768\" height=\"534\" src=\"https:\/\/www.visu.be\/wp-content\/uploads\/2023\/06\/SPAIN-scaled-e1686219500646-768x534.jpg\" class=\"attachment-medium_large size-medium_large wp-image-1005\" alt=\"\" srcset=\"https:\/\/www.visu.be\/wp-content\/uploads\/2023\/06\/SPAIN-scaled-e1686219500646-768x534.jpg 768w, https:\/\/www.visu.be\/wp-content\/uploads\/2023\/06\/SPAIN-scaled-e1686219500646-300x208.jpg 300w, https:\/\/www.visu.be\/wp-content\/uploads\/2023\/06\/SPAIN-scaled-e1686219500646-1024x712.jpg 1024w, https:\/\/www.visu.be\/wp-content\/uploads\/2023\/06\/SPAIN-scaled-e1686219500646-1536x1067.jpg 1536w, https:\/\/www.visu.be\/wp-content\/uploads\/2023\/06\/SPAIN-scaled-e1686219500646-2048x1423.jpg 2048w\" sizes=\"(max-width: 768px) 100vw, 768px\" \/>\t\t\t\t\t\t\t\t\t\t\t\t\t\t\t<\/div>\n\t\t\t\t<\/div>\n\t\t\t\t\t<\/div>\n\t\t<\/div>\n\t\t\t\t\t<\/div>\n\t\t<\/section>\n\t\t\t\t<section class=\"elementor-section elementor-inner-section elementor-element elementor-element-eb81705 animated-slow elementor-reverse-mobile elementor-section-boxed elementor-section-height-default elementor-section-height-default elementor-invisible\" data-id=\"eb81705\" data-element_type=\"section\" data-e-type=\"section\" data-settings=\"{&quot;animation&quot;:&quot;fadeInUp&quot;,&quot;animation_delay&quot;:30}\">\n\t\t\t\t\t\t<div class=\"elementor-container elementor-column-gap-default\">\n\t\t\t\t\t<div class=\"elementor-column elementor-col-50 elementor-inner-column elementor-element elementor-element-abdccb5\" data-id=\"abdccb5\" data-element_type=\"column\" data-e-type=\"column\">\n\t\t\t<div class=\"elementor-widget-wrap elementor-element-populated\">\n\t\t\t\t\t\t<div class=\"elementor-element elementor-element-8032de4 elementor-widget__width-initial elementor-widget elementor-widget-image\" data-id=\"8032de4\" data-element_type=\"widget\" data-e-type=\"widget\" data-widget_type=\"image.default\">\n\t\t\t\t<div class=\"elementor-widget-container\">\n\t\t\t\t\t\t\t\t\t\t\t\t\t\t\t<img decoding=\"async\" width=\"768\" height=\"512\" src=\"https:\/\/www.visu.be\/wp-content\/uploads\/2023\/06\/DEUTSCHE-BANK-2-768x512.jpg\" class=\"attachment-medium_large size-medium_large wp-image-1009\" alt=\"\" srcset=\"https:\/\/www.visu.be\/wp-content\/uploads\/2023\/06\/DEUTSCHE-BANK-2-768x512.jpg 768w, https:\/\/www.visu.be\/wp-content\/uploads\/2023\/06\/DEUTSCHE-BANK-2-300x200.jpg 300w, https:\/\/www.visu.be\/wp-content\/uploads\/2023\/06\/DEUTSCHE-BANK-2-1024x683.jpg 1024w, https:\/\/www.visu.be\/wp-content\/uploads\/2023\/06\/DEUTSCHE-BANK-2-1536x1024.jpg 1536w, https:\/\/www.visu.be\/wp-content\/uploads\/2023\/06\/DEUTSCHE-BANK-2-2048x1365.jpg 2048w\" sizes=\"(max-width: 768px) 100vw, 768px\" \/>\t\t\t\t\t\t\t\t\t\t\t\t\t\t\t<\/div>\n\t\t\t\t<\/div>\n\t\t\t\t\t<\/div>\n\t\t<\/div>\n\t\t\t\t<div class=\"elementor-column elementor-col-50 elementor-inner-column elementor-element elementor-element-3481046\" data-id=\"3481046\" data-element_type=\"column\" data-e-type=\"column\" data-settings=\"{&quot;background_background&quot;:&quot;classic&quot;}\">\n\t\t\t<div class=\"elementor-widget-wrap elementor-element-populated\">\n\t\t\t\t\t\t<div class=\"elementor-element elementor-element-0ad217a elementor-widget elementor-widget-heading\" data-id=\"0ad217a\" data-element_type=\"widget\" data-e-type=\"widget\" data-widget_type=\"heading.default\">\n\t\t\t\t<div class=\"elementor-widget-container\">\n\t\t\t\t\t<h3 class=\"elementor-heading-title elementor-size-default\">Hetzelfde ontwerp voor al je stands<\/h3>\t\t\t\t<\/div>\n\t\t\t\t<\/div>\n\t\t\t\t<div class=\"elementor-element elementor-element-0c91206 elementor-widget elementor-widget-text-editor\" data-id=\"0c91206\" data-element_type=\"widget\" data-e-type=\"widget\" data-widget_type=\"text-editor.default\">\n\t\t\t\t<div class=\"elementor-widget-container\">\n\t\t\t\t\t\t\t\t\t<p>Visu biedt een consistent ontwerp voor al uw stands, versterkt uw merkidentiteit en maximaliseert uw zichtbaarheid op beurzen. Het verlaagt ook de ontwerp- en productiekosten voor elke nieuwe stand.<\/p>\t\t\t\t\t\t\t\t<\/div>\n\t\t\t\t<\/div>\n\t\t\t\t\t<\/div>\n\t\t<\/div>\n\t\t\t\t\t<\/div>\n\t\t<\/section>\n\t\t\t\t<section class=\"elementor-section elementor-inner-section elementor-element elementor-element-82f7198 animated-slow elementor-section-boxed elementor-section-height-default elementor-section-height-default elementor-invisible\" data-id=\"82f7198\" data-element_type=\"section\" data-e-type=\"section\" data-settings=\"{&quot;animation&quot;:&quot;fadeInUp&quot;,&quot;animation_delay&quot;:30}\">\n\t\t\t\t\t\t<div class=\"elementor-container elementor-column-gap-default\">\n\t\t\t\t\t<div class=\"elementor-column elementor-col-50 elementor-inner-column elementor-element elementor-element-e2d4ea7\" data-id=\"e2d4ea7\" data-element_type=\"column\" data-e-type=\"column\" data-settings=\"{&quot;background_background&quot;:&quot;classic&quot;}\">\n\t\t\t<div class=\"elementor-widget-wrap elementor-element-populated\">\n\t\t\t\t\t\t<div class=\"elementor-element elementor-element-7da3259 elementor-widget elementor-widget-heading\" data-id=\"7da3259\" data-element_type=\"widget\" data-e-type=\"widget\" data-widget_type=\"heading.default\">\n\t\t\t\t<div class=\"elementor-widget-container\">\n\t\t\t\t\t<h3 class=\"elementor-heading-title elementor-size-default\">Herbruikbare stand die kan worden aangepast aan de show <\/h3>\t\t\t\t<\/div>\n\t\t\t\t<\/div>\n\t\t\t\t<div class=\"elementor-element elementor-element-06c5d93 elementor-widget elementor-widget-text-editor\" data-id=\"06c5d93\" data-element_type=\"widget\" data-e-type=\"widget\" data-widget_type=\"text-editor.default\">\n\t\t\t\t<div class=\"elementor-widget-container\">\n\t\t\t\t\t\t\t\t\t<p>Visu ontwerpt stands die herbruikbaar zijn en kunnen worden aangepast aan de specifieke behoeften van elke tentoonstelling of beurs. Dit maximaliseert de investering van de klant en garandeert tegelijkertijd een optimale aanwezigheid van het merk op elk evenement.<\/p>\t\t\t\t\t\t\t\t<\/div>\n\t\t\t\t<\/div>\n\t\t\t\t\t<\/div>\n\t\t<\/div>\n\t\t\t\t<div class=\"elementor-column elementor-col-50 elementor-inner-column elementor-element elementor-element-8f37bee\" data-id=\"8f37bee\" data-element_type=\"column\" data-e-type=\"column\">\n\t\t\t<div class=\"elementor-widget-wrap elementor-element-populated\">\n\t\t\t\t\t\t<div class=\"elementor-element elementor-element-52daeeb elementor-widget__width-initial elementor-widget elementor-widget-image\" data-id=\"52daeeb\" data-element_type=\"widget\" data-e-type=\"widget\" data-widget_type=\"image.default\">\n\t\t\t\t<div class=\"elementor-widget-container\">\n\t\t\t\t\t\t\t\t\t\t\t\t\t\t\t<img loading=\"lazy\" decoding=\"async\" width=\"768\" height=\"514\" src=\"https:\/\/www.visu.be\/wp-content\/uploads\/2023\/06\/ING-2-768x514.jpg\" class=\"attachment-medium_large size-medium_large wp-image-1013\" alt=\"\" srcset=\"https:\/\/www.visu.be\/wp-content\/uploads\/2023\/06\/ING-2-768x514.jpg 768w, https:\/\/www.visu.be\/wp-content\/uploads\/2023\/06\/ING-2-300x201.jpg 300w, https:\/\/www.visu.be\/wp-content\/uploads\/2023\/06\/ING-2-1024x685.jpg 1024w, https:\/\/www.visu.be\/wp-content\/uploads\/2023\/06\/ING-2-1536x1028.jpg 1536w, https:\/\/www.visu.be\/wp-content\/uploads\/2023\/06\/ING-2-2048x1371.jpg 2048w\" sizes=\"(max-width: 768px) 100vw, 768px\" \/>\t\t\t\t\t\t\t\t\t\t\t\t\t\t\t<\/div>\n\t\t\t\t<\/div>\n\t\t\t\t\t<\/div>\n\t\t<\/div>\n\t\t\t\t\t<\/div>\n\t\t<\/section>\n\t\t\t\t\t<\/div>\n\t\t<\/div>\n\t\t\t\t\t<\/div>\n\t\t<\/section>\n\t\t\t\t<\/div>","protected":false},"excerpt":{"rendered":"<p>Internationale beurzen &amp; evenementen Waarom Visu kiezen om uw internationale stand te bouwen? Centrale ligging De centrale ligging van Visu in Europa biedt veel voordelen voor klanten die hun stand in grote Europese steden willen opslaan, opbouwen en afbreken. E\u00e9n aanspreekpunt voor heel Europa Werken met ... <a title=\"Internationale\" class=\"read-more\" href=\"https:\/\/www.visu.be\/nl\/international\/\" aria-label=\"Lees meer over Internationaal\">Lees meer<\/a><\/p>","protected":false},"author":1,"featured_media":0,"parent":0,"menu_order":0,"comment_status":"closed","ping_status":"closed","template":"elementor_header_footer","meta":{"footnotes":""},"class_list":["post-394","page","type-page","status-publish"],"_links":{"self":[{"href":"https:\/\/www.visu.be\/nl\/wp-json\/wp\/v2\/pages\/394","targetHints":{"allow":["GET"]}}],"collection":[{"href":"https:\/\/www.visu.be\/nl\/wp-json\/wp\/v2\/pages"}],"about":[{"href":"https:\/\/www.visu.be\/nl\/wp-json\/wp\/v2\/types\/page"}],"author":[{"embeddable":true,"href":"https:\/\/www.visu.be\/nl\/wp-json\/wp\/v2\/users\/1"}],"replies":[{"embeddable":true,"href":"https:\/\/www.visu.be\/nl\/wp-json\/wp\/v2\/comments?post=394"}],"version-history":[{"count":10,"href":"https:\/\/www.visu.be\/nl\/wp-json\/wp\/v2\/pages\/394\/revisions"}],"predecessor-version":[{"id":1571,"href":"https:\/\/www.visu.be\/nl\/wp-json\/wp\/v2\/pages\/394\/revisions\/1571"}],"wp:attachment":[{"href":"https:\/\/www.visu.be\/nl\/wp-json\/wp\/v2\/media?parent=394"}],"curies":[{"name":"wp","href":"https:\/\/api.w.org\/{rel}","templated":true}]}}